{"id":7158,"date":"2023-05-16T10:36:32","date_gmt":"2023-05-16T10:36:32","guid":{"rendered":"https:\/\/noustemps.com\/accesibilidad\/"},"modified":"2023-05-16T10:56:26","modified_gmt":"2023-05-16T10:56:26","slug":"accesibilidad","status":"publish","type":"page","link":"https:\/\/noustemps.com\/es\/accesibilidad\/","title":{"rendered":"Accesibilidad"},"content":{"rendered":"<div class=\"vce-row-container\" data-vce-boxed-width=\"true\"><div class=\"vce-row vce-row--col-gap-30 vce-row-equal-height vce-row-content--top\" id=\"el-a3f6af01\" data-vce-do-apply=\"all el-a3f6af01\"><div class=\"vce-content-background-container\"><\/div><div class=\"vce-row-content\" data-vce-element-content=\"true\"><div class=\"vce-col vce-col--md-auto vce-col--xs-1 vce-col--xs-last vce-col--xs-first vce-col--sm-last vce-col--sm-first vce-col--md-last vce-col--lg-last vce-col--xl-last vce-col--md-first vce-col--lg-first vce-col--xl-first\" id=\"el-fbe2f2b6\"><div class=\"vce-col-inner\" data-vce-do-apply=\"border margin background  el-fbe2f2b6\"><div class=\"vce-col-content\" data-vce-element-content=\"true\" data-vce-do-apply=\"padding el-fbe2f2b6\"><div class=\"vce-text-block\"><div class=\"vce-text-block-wrapper vce\" id=\"el-3bebd1cd\" data-vce-do-apply=\"all el-3bebd1cd\"><p><!--vcv no format--><\/p>\n<div class=\"vce-row-container\" data-vce-boxed-width=\"true\">\n<div class=\"vce-row vce-row--col-gap-30 vce-row-equal-height vce-row-content--top\" id=\"el-6b7e1036\" data-vce-do-apply=\"all el-6b7e1036\">\n<div class=\"vce-content-background-container\"><\/div>\n<div class=\"vce-row-content\" data-vce-element-content=\"true\"><p><\/p>\n<div class=\"vce-col vce-col--md-auto vce-col--xs-1 vce-col--xs-last vce-col--xs-first vce-col--sm-last vce-col--sm-first vce-col--md-last vce-col--lg-last vce-col--xl-last vce-col--md-first vce-col--lg-first vce-col--xl-first\" id=\"el-c3bef187\">\n<div class=\"vce-col-inner\" data-vce-do-apply=\"border margin background el-c3bef187\">\n<div class=\"vce-col-content\" data-vce-element-content=\"true\" data-vce-do-apply=\"padding el-c3bef187\"><p><\/p>\n<div class=\"vce-text-block\">\n<div class=\"vce-text-block-wrapper vce\" id=\"el-d96f3e43\" data-vce-do-apply=\"all el-d96f3e43\">\n<h1>Accesibilidad<\/h1>\n<\/div>\n<\/div>\n<p><\/p><\/div>\n<\/div>\n<\/div>\n<p><\/p><\/div>\n<\/div>\n<\/div>\n<p><\/p>\n<div class=\"vce-row-container\" data-vce-boxed-width=\"true\">\n<div class=\"vce-row vce-row--col-gap-30 vce-row-equal-height vce-row-content--top\" id=\"el-3d3e778d\" data-vce-do-apply=\"all el-3d3e778d\">\n<div class=\"vce-content-background-container\"><\/div>\n<div class=\"vce-row-content\" data-vce-element-content=\"true\"><p><\/p>\n<div class=\"vce-col vce-col--md-auto vce-col--xs-1 vce-col--xs-last vce-col--xs-first vce-col--sm-last vce-col--sm-first vce-col--md-last vce-col--lg-last vce-col--xl-last vce-col--md-first vce-col--lg-first vce-col--xl-first\" id=\"el-977a7ba2\">\n<div class=\"vce-col-inner\" data-vce-do-apply=\"border margin background el-977a7ba2\">\n<div class=\"vce-col-content\" data-vce-element-content=\"true\" data-vce-do-apply=\"padding el-977a7ba2\"><p><\/p>\n<div class=\"vce-text-block\">\n<div class=\"vce-text-block-wrapper vce\" id=\"el-dd33d160\" data-vce-do-apply=\"all el-dd33d160\">\n<h2>Accesibilidad<\/h2>\n<p>https:\/\/noustemps.com\/ Nuevos Tiempos se ha comprometido a hacer accesible su sitio web, de acuerdo con el Real Decreto 1112\/2018, de 7 de septiembre, sobre accesibilidad de los sitios web y aplicaciones para dispositivos m\u00f3viles del sector p\u00fablico.<br>La presente declaraci\u00f3n de accesibilidad se aplica al sitio web <a href=\"https:\/\/noustemps.com\/\">https:\/\/noustemps.com<\/a> .<\/p>\n<h2>Situaci\u00f3n de cumplimiento<\/h2>\n<p>Este sitio web es parcialmente conforme con el RD 1112\/2018 debido a las excepciones y falta de conformidad de los aspectos que se indican en el siguiente punto.<\/p>\n<h2>Contenido no accesible<\/h2>\n<p>El contenido que se recoge a continuaci\u00f3n no es accesible por las siguientes razones:<\/p>\n<h3>Carece de conformidad con el RD 1112\/2018<\/h3>\n<p>Podr\u00edan existir documentos ofim\u00e1ticos en PDF y otros formatos publicados con posterioridad al 20 de septiembre de 2018 que no cumplan totalmente los requisitos de accesibilidad. Pueden solicitarse los documentos completamente accesibles desde el formulario de contacto para formalizar quejas y consultas.<br>Podr\u00edan existir errores de c\u00f3digo puntuales de edici\u00f3n en alguna p\u00e1gina web. [4 .1.1 Processament]<\/p>\n<h3>Carga desproporcionada<\/h3>\n<p>No se aplica.<\/p>\n<h3>El contenido no entra dentro del \u00e1mbito de la legislaci\u00f3n aplicable<\/h3>\n<p>Podr\u00edan existir archivos ofim\u00e1ticos en PDF u otros formatos publicados antes del 20 de septiembre de 2018 que no cumplan totalmente todos los requisitos de accesibilidad. Sin embargo, se procur\u00f3 que la mayor\u00eda de ellos lo cumplan.<\/p>\n<h2>Preparaci\u00f3n para la siguiente declaraci\u00f3n de accesibilidad<\/h2>\n<p>La presente declaraci\u00f3n fue preparada el 28 de junio de 2021<br>El m\u00e9todo empleado para preparar la declaraci\u00f3n ha sido una autoevaluaci\u00f3n realizada por el propio profesional de la creaci\u00f3n del contenido Guadalupe Tirado Barroso, Agente Digitalizador.<\/p>\n<h3>Observaciones y datos de contacto<\/h3>\n<p>Se pueden realizar comunicaciones sobre requisitos de accesibilidad (art\u00edculo 10.2.a del RD 1112\/2018) como, por ejemplo:<\/p>\n<ul>\n<li>Informar sobre cualquier posible incumplimiento por parte de este sitio web<\/li>\n<li>Transmitir otras dificultades de acceso al contenido<\/li>\n<li>Formular cualquier otra consulta o sugerencia de mejora relativa a la accesibilidad del sitio web<\/li>\n<\/ul>\n<p>a trav\u00e9s del <a href=\"https:\/\/mimundosocial.com\/\">formulario de contacto<\/a> de este sitio web oa trav\u00e9s del n\u00famero de tel\u00e9fono (+34) 661 35 92 95. Se puede presentar:<\/p>\n<ul>\n<li>Queja relativa al cumplimiento de los requisitos del RD 1112\/2018 o<\/li>\n<li>Solicitud de informaci\u00f3n accesible relativa a:<\/li>\n<li>Contenidos que est\u00e1n excluidos del \u00e1mbito de aplicaci\u00f3n del RD 1112\/2018 seg\u00fan lo establecido en el art\u00edculo 3, apartado 4<\/li>\n<li>Contenidos que est\u00e1n exentos del cumplimiento de los requisitos de accesibilidad para imponer una carga desproporcionada<\/li>\n<\/ul>\n<p>Las quejas y reclamaciones sobre informaci\u00f3n accesible se realizar\u00e1n a trav\u00e9s del formulario de la p\u00e1gina de contacto <a href=\"https:\/\/noustemps.com\/contacto\/\">(https:\/\/noustemps.com\/contacto\/)<\/a> y ser\u00e1n recibidas y tratadas por la gesti\u00f3n de marketing de Nuevos Tiempos.<\/p>\n<h2>Contenido opcional<\/h2>\n<p>Este portal est\u00e1 dise\u00f1ado para cambiar el tama\u00f1o del texto y el color, as\u00ed como el fondo de la p\u00e1gina mediante las opciones de configuraci\u00f3n est\u00e1ndar de los navegadores.<br>Si deseas cambiar el tama\u00f1o de letra del texto en los principales navegadores gr\u00e1ficos, utiliza los siguientes men\u00fas:<\/p>\n<ul>\n<li>Internet Explorer, Mozilla y Firefox: Ver&gt; Tama\u00f1o del texto<\/li>\n<li>Opera: Ver&gt; Zoom<\/li>\n<li>Safari: Ver&gt; Hacer el texto m\u00e1s grande<\/li>\n<li>Chrome: Controla la p\u00e1gina actual&gt; Tama\u00f1o del texto<\/li>\n<li>Para modificar el tama\u00f1o de todo en la p\u00e1gina:\n<ul>\n<li>Ctrl++ para aumentarla<\/li>\n<li>Ctrl+- para disminuirla<\/li>\n<li>Ctrl + 0 restaura el tama\u00f1o original del texto<\/li>\n<li>Si lo que quieres es anular la hoja de estilos o modificar el color del texto, puedes consultar la p\u00e1gina. del texto o colores?<\/li>\n<\/ul>\n<\/li>\n<\/ul>\n<\/div>\n<\/div>\n<p><\/p><\/div>\n<\/div>\n<\/div>\n<p><\/p><\/div>\n<\/div>\n<\/div>\n<p><!--vcv no format--><\/p>\n<\/div><\/div><\/div><\/div><\/div><\/div><\/div><\/div>\n","protected":false},"excerpt":{"rendered":"<p>Accesibilidad Accesibilidad https:\/\/noustemps.com\/ Nuevos Tiempos se ha comprometido a hacer accesible su sitio web, de acuerdo con el Real Decreto 1112\/2018, de 7 de septiembre, sobre accesibilidad de los sitios web y aplicaciones para dispositivos m\u00f3viles del sector p\u00fablico.La presente declaraci\u00f3n de accesibilidad se aplica al sitio web https:\/\/noustemps.com . Situaci\u00f3n de cumplimiento Este sitio [&hellip;]<\/p>\n","protected":false},"author":5,"featured_media":0,"parent":0,"menu_order":0,"comment_status":"closed","ping_status":"closed","template":"","meta":{"_joinchat":[],"footnotes":""},"class_list":["post-7158","page","type-page","status-publish","hentry"],"yoast_head":"<!-- This site is optimized with the Yoast SEO plugin v27.4 - https:\/\/yoast.com\/product\/yoast-seo-wordpress\/ -->\n<title>Accesibilidad - Noustemps<\/title>\n<meta name=\"robots\" content=\"noindex, nofollow\" \/>\n<meta property=\"og:locale\" content=\"es_ES\" \/>\n<meta property=\"og:type\" content=\"article\" \/>\n<meta property=\"og:title\" content=\"Accesibilidad - Noustemps\" \/>\n<meta property=\"og:description\" content=\"Accesibilidad Accesibilidad https:\/\/noustemps.com\/ Nuevos Tiempos se ha comprometido a hacer accesible su sitio web, de acuerdo con el Real Decreto 1112\/2018, de 7 de septiembre, sobre accesibilidad de los sitios web y aplicaciones para dispositivos m\u00f3viles del sector p\u00fablico.La presente declaraci\u00f3n de accesibilidad se aplica al sitio web https:\/\/noustemps.com . Situaci\u00f3n de cumplimiento Este sitio [&hellip;]\" \/>\n<meta property=\"og:url\" content=\"https:\/\/noustemps.com\/accesibilitat\/\" \/>\n<meta property=\"og:site_name\" content=\"Noustemps\" \/>\n<meta property=\"article:publisher\" content=\"https:\/\/www.facebook.com\/soniaramosestilista\/\" \/>\n<meta property=\"article:modified_time\" content=\"2023-05-16T10:56:26+00:00\" \/>\n<meta name=\"twitter:card\" content=\"summary_large_image\" \/>\n<meta name=\"twitter:label1\" content=\"Tiempo de lectura\" \/>\n\t<meta name=\"twitter:data1\" content=\"3 minutos\" \/>\n<script type=\"application\/ld+json\" class=\"yoast-schema-graph\">{\"@context\":\"https:\\\/\\\/schema.org\",\"@graph\":[{\"@type\":\"WebPage\",\"@id\":\"https:\\\/\\\/noustemps.com\\\/accesibilitat\\\/\",\"url\":\"https:\\\/\\\/noustemps.com\\\/accesibilitat\\\/\",\"name\":\"Accesibilidad - Noustemps\",\"isPartOf\":{\"@id\":\"https:\\\/\\\/noustemps.com\\\/#website\"},\"datePublished\":\"2023-05-16T10:36:32+00:00\",\"dateModified\":\"2023-05-16T10:56:26+00:00\",\"breadcrumb\":{\"@id\":\"https:\\\/\\\/noustemps.com\\\/accesibilitat\\\/#breadcrumb\"},\"inLanguage\":\"es\",\"potentialAction\":[{\"@type\":\"ReadAction\",\"target\":[\"https:\\\/\\\/noustemps.com\\\/accesibilitat\\\/\"]}]},{\"@type\":\"BreadcrumbList\",\"@id\":\"https:\\\/\\\/noustemps.com\\\/accesibilitat\\\/#breadcrumb\",\"itemListElement\":[{\"@type\":\"ListItem\",\"position\":1,\"name\":\"Portada\",\"item\":\"https:\\\/\\\/noustemps.com\\\/es\\\/\"},{\"@type\":\"ListItem\",\"position\":2,\"name\":\"Accesibilidad\"}]},{\"@type\":\"WebSite\",\"@id\":\"https:\\\/\\\/noustemps.com\\\/#website\",\"url\":\"https:\\\/\\\/noustemps.com\\\/\",\"name\":\"Noustemps\",\"description\":\"Peluquer\u00eda de Belleza Saludable\",\"publisher\":{\"@id\":\"https:\\\/\\\/noustemps.com\\\/#organization\"},\"potentialAction\":[{\"@type\":\"SearchAction\",\"target\":{\"@type\":\"EntryPoint\",\"urlTemplate\":\"https:\\\/\\\/noustemps.com\\\/?s={search_term_string}\"},\"query-input\":{\"@type\":\"PropertyValueSpecification\",\"valueRequired\":true,\"valueName\":\"search_term_string\"}}],\"inLanguage\":\"es\"},{\"@type\":\"Organization\",\"@id\":\"https:\\\/\\\/noustemps.com\\\/#organization\",\"name\":\"Nous temps\",\"url\":\"https:\\\/\\\/noustemps.com\\\/\",\"logo\":{\"@type\":\"ImageObject\",\"inLanguage\":\"es\",\"@id\":\"https:\\\/\\\/noustemps.com\\\/#\\\/schema\\\/logo\\\/image\\\/\",\"url\":\"https:\\\/\\\/noustemps.com\\\/wp-content\\\/uploads\\\/2022\\\/07\\\/cropped-logo-fav.png\",\"contentUrl\":\"https:\\\/\\\/noustemps.com\\\/wp-content\\\/uploads\\\/2022\\\/07\\\/cropped-logo-fav.png\",\"width\":512,\"height\":512,\"caption\":\"Nous temps\"},\"image\":{\"@id\":\"https:\\\/\\\/noustemps.com\\\/#\\\/schema\\\/logo\\\/image\\\/\"},\"sameAs\":[\"https:\\\/\\\/www.facebook.com\\\/soniaramosestilista\\\/\",\"https:\\\/\\\/www.instagram.com\\\/estilistasonia_ramos\\\/\"]}]}<\/script>\n<!-- \/ Yoast SEO plugin. -->","yoast_head_json":{"title":"Accesibilidad - Noustemps","robots":{"index":"noindex","follow":"nofollow"},"og_locale":"es_ES","og_type":"article","og_title":"Accesibilidad - Noustemps","og_description":"Accesibilidad Accesibilidad https:\/\/noustemps.com\/ Nuevos Tiempos se ha comprometido a hacer accesible su sitio web, de acuerdo con el Real Decreto 1112\/2018, de 7 de septiembre, sobre accesibilidad de los sitios web y aplicaciones para dispositivos m\u00f3viles del sector p\u00fablico.La presente declaraci\u00f3n de accesibilidad se aplica al sitio web https:\/\/noustemps.com . Situaci\u00f3n de cumplimiento Este sitio [&hellip;]","og_url":"https:\/\/noustemps.com\/accesibilitat\/","og_site_name":"Noustemps","article_publisher":"https:\/\/www.facebook.com\/soniaramosestilista\/","article_modified_time":"2023-05-16T10:56:26+00:00","twitter_card":"summary_large_image","twitter_misc":{"Tiempo de lectura":"3 minutos"},"schema":{"@context":"https:\/\/schema.org","@graph":[{"@type":"WebPage","@id":"https:\/\/noustemps.com\/accesibilitat\/","url":"https:\/\/noustemps.com\/accesibilitat\/","name":"Accesibilidad - Noustemps","isPartOf":{"@id":"https:\/\/noustemps.com\/#website"},"datePublished":"2023-05-16T10:36:32+00:00","dateModified":"2023-05-16T10:56:26+00:00","breadcrumb":{"@id":"https:\/\/noustemps.com\/accesibilitat\/#breadcrumb"},"inLanguage":"es","potentialAction":[{"@type":"ReadAction","target":["https:\/\/noustemps.com\/accesibilitat\/"]}]},{"@type":"BreadcrumbList","@id":"https:\/\/noustemps.com\/accesibilitat\/#breadcrumb","itemListElement":[{"@type":"ListItem","position":1,"name":"Portada","item":"https:\/\/noustemps.com\/es\/"},{"@type":"ListItem","position":2,"name":"Accesibilidad"}]},{"@type":"WebSite","@id":"https:\/\/noustemps.com\/#website","url":"https:\/\/noustemps.com\/","name":"Noustemps","description":"Peluquer\u00eda de Belleza Saludable","publisher":{"@id":"https:\/\/noustemps.com\/#organization"},"potentialAction":[{"@type":"SearchAction","target":{"@type":"EntryPoint","urlTemplate":"https:\/\/noustemps.com\/?s={search_term_string}"},"query-input":{"@type":"PropertyValueSpecification","valueRequired":true,"valueName":"search_term_string"}}],"inLanguage":"es"},{"@type":"Organization","@id":"https:\/\/noustemps.com\/#organization","name":"Nous temps","url":"https:\/\/noustemps.com\/","logo":{"@type":"ImageObject","inLanguage":"es","@id":"https:\/\/noustemps.com\/#\/schema\/logo\/image\/","url":"https:\/\/noustemps.com\/wp-content\/uploads\/2022\/07\/cropped-logo-fav.png","contentUrl":"https:\/\/noustemps.com\/wp-content\/uploads\/2022\/07\/cropped-logo-fav.png","width":512,"height":512,"caption":"Nous temps"},"image":{"@id":"https:\/\/noustemps.com\/#\/schema\/logo\/image\/"},"sameAs":["https:\/\/www.facebook.com\/soniaramosestilista\/","https:\/\/www.instagram.com\/estilistasonia_ramos\/"]}]}},"_links":{"self":[{"href":"https:\/\/noustemps.com\/es\/wp-json\/wp\/v2\/pages\/7158","targetHints":{"allow":["GET"]}}],"collection":[{"href":"https:\/\/noustemps.com\/es\/wp-json\/wp\/v2\/pages"}],"about":[{"href":"https:\/\/noustemps.com\/es\/wp-json\/wp\/v2\/types\/page"}],"author":[{"embeddable":true,"href":"https:\/\/noustemps.com\/es\/wp-json\/wp\/v2\/users\/5"}],"replies":[{"embeddable":true,"href":"https:\/\/noustemps.com\/es\/wp-json\/wp\/v2\/comments?post=7158"}],"version-history":[{"count":2,"href":"https:\/\/noustemps.com\/es\/wp-json\/wp\/v2\/pages\/7158\/revisions"}],"predecessor-version":[{"id":7162,"href":"https:\/\/noustemps.com\/es\/wp-json\/wp\/v2\/pages\/7158\/revisions\/7162"}],"wp:attachment":[{"href":"https:\/\/noustemps.com\/es\/wp-json\/wp\/v2\/media?parent=7158"}],"curies":[{"name":"wp","href":"https:\/\/api.w.org\/{rel}","templated":true}]}}