{"id":6814,"date":"2021-08-30T09:27:48","date_gmt":"2021-08-30T09:27:48","guid":{"rendered":"https:\/\/noustemps.com\/contacto\/"},"modified":"2024-01-23T08:02:11","modified_gmt":"2024-01-23T08:02:11","slug":"contacto","status":"publish","type":"page","link":"https:\/\/noustemps.com\/es\/contacto\/","title":{"rendered":""},"content":{"rendered":"<div class=\"vce-row-container\" data-vce-boxed-width=\"true\"><div class=\"vce-row vce-element--has-background vce-row--col-gap-30 hero vce-row-equal-height vce-row-content--top\" id=\"el-1c0e11ce\" data-vce-do-apply=\"all el-1c0e11ce\"><div class=\"vce-content-background-container\"><div class=\"vce-asset-background-simple-container vce-visible-all-only vce-asset-background-simple--style-cover vce-asset-background-simple--position-center-center\"><div class=\"vce-asset-background-simple\">\n              <div class=\"vce-asset-background-simple-item vcv-lozad\" data-background-image=\"https:\/\/noustemps.com\/wp-content\/uploads\/2022\/08\/www.oriolcaru.com-2-scaled.jpg\"><\/div>\n              <noscript>\n                <div class=\"vce-asset-background-simple-item\" style=\"background-image: url(https:\/\/noustemps.com\/wp-content\/uploads\/2022\/08\/www.oriolcaru.com-2-scaled.jpg)\"><\/div>\n              <\/noscript>\n            <\/div><\/div><\/div><div class=\"vce-row-content\" data-vce-element-content=\"true\"><div class=\"vce-col vce-col--md-auto vce-col--xs-1 vce-col--xs-last vce-col--xs-first vce-col--sm-last vce-col--sm-first vce-col--md-last vce-col--lg-last vce-col--xl-last vce-col--md-first vce-col--lg-first vce-col--xl-first\" id=\"el-f01ef8da\"><div class=\"vce-col-inner\" data-vce-do-apply=\"border margin background  el-f01ef8da\"><div class=\"vce-col-content\" data-vce-element-content=\"true\" data-vce-do-apply=\"padding el-f01ef8da\"><div><\/div><\/div><\/div><\/div><\/div><\/div><\/div><div class=\"vce-row-container\" data-vce-boxed-width=\"true\"><div class=\"vce-row vce-row--xl--has-col-background vce-row--lg--has-col-background vce-row--md--has-col-background vce-row--sm--has-col-background vce-row--xs--has-col-background vce-element--has-background vce-row--col-gap-27 vce-row-equal-height vce-row-content--top\" id=\"el-a4e98c3a\" data-vce-do-apply=\"all el-a4e98c3a\"><div class=\"vce-content-background-container\"><\/div><div class=\"vce-row-content\" data-vce-element-content=\"true\"><div class=\"vce-col vce-element--xl--has-background vce-element--lg--has-background vce-element--md--has-background vce-element--sm--has-background vce-element--xs--has-background vce-col--xs-100p vce-col--xs-visible vce-col--xs-last vce-col--xs-first vce-col--sm-100p vce-col--sm-visible vce-col--sm-last vce-col--sm-first vce-col--md-50p vce-col--md-visible vce-col--md-first vce-col--lg-25p vce-col--lg-visible vce-col--lg-first vce-col--xl-auto vce-col--xl-visible vce-col--xl-first box-sombra\" id=\"el-963d8678\"><div class=\"vce-col-inner\" data-vce-do-apply=\"border margin background  el-963d8678\"><div class=\"vce-content-background-container\"><\/div><div class=\"vce-col-content\" data-vce-element-content=\"true\" data-vce-do-apply=\"padding el-963d8678\"><div class=\"vce-text-block\"><div class=\"vce-text-block-wrapper vce\" id=\"el-cca493f7\" data-vce-do-apply=\"all el-cca493f7\"><h2 class=\"marron\" style=\"text-align: center;\"><span style=\"font-size: 16pt;\">Lunes<\/span><\/h2>\n<p class=\"marron\" style=\"text-align: center;\"><span style=\"font-weight: bold; font-style: normal;\">9:30 - 16:00<\/span><\/p><\/div><\/div><\/div><\/div><\/div><div class=\"vce-col vce-element--xl--has-background vce-element--lg--has-background vce-element--md--has-background vce-element--sm--has-background vce-element--xs--has-background vce-col--xs-100p vce-col--xs-visible vce-col--xs-last vce-col--xs-first vce-col--sm-100p vce-col--sm-visible vce-col--sm-last vce-col--sm-first vce-col--md-50p vce-col--md-visible vce-col--md-last vce-col--lg-25p vce-col--lg-visible vce-col--xl-auto vce-col--xl-visible box-sombra\" id=\"el-4045ce8c\"><div class=\"vce-col-inner\" data-vce-do-apply=\"border margin background  el-4045ce8c\"><div class=\"vce-content-background-container\"><\/div><div class=\"vce-col-content\" data-vce-element-content=\"true\" data-vce-do-apply=\"padding el-4045ce8c\"><div class=\"vce-text-block\"><div class=\"vce-text-block-wrapper vce\" id=\"el-b65bdfe7\" data-vce-do-apply=\"all el-b65bdfe7\"><h2 class=\"marron\" style=\"text-align: center;\"><span style=\"font-size: 16pt;\">Martes<\/span><\/h2>\n<p class=\"marron\" style=\"text-align: center;\"><span style=\"font-weight: bold; font-style: normal;\">9:30 - 16:00<\/span><\/p><\/div><\/div><\/div><\/div><\/div><div class=\"vce-col vce-element--xl--has-background vce-element--lg--has-background vce-element--md--has-background vce-element--sm--has-background vce-element--xs--has-background vce-col--xs-100p vce-col--xs-visible vce-col--xs-last vce-col--xs-first vce-col--sm-100p vce-col--sm-visible vce-col--sm-last vce-col--sm-first vce-col--md-50p vce-col--md-visible vce-col--md-first vce-col--lg-25p vce-col--lg-visible vce-col--xl-auto vce-col--xl-visible box-sombra\" id=\"el-f7900062\"><div class=\"vce-col-inner\" data-vce-do-apply=\"border margin background  el-f7900062\"><div class=\"vce-content-background-container\"><\/div><div class=\"vce-col-content\" data-vce-element-content=\"true\" data-vce-do-apply=\"padding el-f7900062\"><div class=\"vce-text-block\"><div class=\"vce-text-block-wrapper vce\" id=\"el-ba0cce15\" data-vce-do-apply=\"all el-ba0cce15\"><h2 class=\"marron\" style=\"text-align: center;\"><span style=\"font-size: 16pt;\">Mi\u00e9rcoles<\/span><\/h2>\n<p class=\"marron\" style=\"text-align: center;\"><span style=\"font-weight: bold; font-style: normal;\">9:30 - 16:00<\/span><\/p><\/div><\/div><\/div><\/div><\/div><div class=\"vce-col vce-element--xl--has-background vce-element--lg--has-background vce-element--md--has-background vce-element--sm--has-background vce-element--xs--has-background vce-col--xs-100p vce-col--xs-visible vce-col--xs-last vce-col--xs-first vce-col--sm-100p vce-col--sm-visible vce-col--sm-last vce-col--sm-first vce-col--md-50p vce-col--md-visible vce-col--md-last vce-col--lg-25p vce-col--lg-visible vce-col--lg-last vce-col--xl-auto vce-col--xl-visible box-sombra\" id=\"el-1445c539\"><div class=\"vce-col-inner\" data-vce-do-apply=\"border margin background  el-1445c539\"><div class=\"vce-content-background-container\"><\/div><div class=\"vce-col-content\" data-vce-element-content=\"true\" data-vce-do-apply=\"padding el-1445c539\"><div class=\"vce-text-block\"><div class=\"vce-text-block-wrapper vce\" id=\"el-faed2e22\" data-vce-do-apply=\"all el-faed2e22\"><h2 class=\"marron\" style=\"text-align: center;\"><span style=\"font-size: 16pt;\">Jueves<\/span><\/h2>\n<p class=\"marron\" style=\"text-align: center;\"><span style=\"font-weight: bold; font-style: normal;\">9:30 - 19:00<\/span><\/p><\/div><\/div><\/div><\/div><\/div><div class=\"vce-col vce-element--xl--has-background vce-element--lg--has-background vce-element--md--has-background vce-element--sm--has-background vce-element--xs--has-background vce-col--xs-100p vce-col--xs-visible vce-col--xs-last vce-col--xs-first vce-col--sm-100p vce-col--sm-visible vce-col--sm-last vce-col--sm-first vce-col--md-50p vce-col--md-visible vce-col--md-first vce-col--lg-25p vce-col--lg-visible vce-col--lg-first vce-col--xl-auto vce-col--xl-visible box-sombra\" id=\"el-b10cfe91\"><div class=\"vce-col-inner\" data-vce-do-apply=\"border margin background  el-b10cfe91\"><div class=\"vce-content-background-container\"><\/div><div class=\"vce-col-content\" data-vce-element-content=\"true\" data-vce-do-apply=\"padding el-b10cfe91\"><div class=\"vce-text-block\"><div class=\"vce-text-block-wrapper vce\" id=\"el-d5da65a0\" data-vce-do-apply=\"all el-d5da65a0\"><h2 class=\"marron\" style=\"text-align: center;\"><span style=\"font-size: 16pt;\">Viernes<\/span><\/h2>\n<p class=\"marron\" style=\"text-align: center;\"><span style=\"font-weight: bold; font-style: normal;\">9:30 - 19:00<\/span><\/p><\/div><\/div><\/div><\/div><\/div><div class=\"vce-col vce-element--xl--has-background vce-element--lg--has-background vce-element--md--has-background vce-element--sm--has-background vce-element--xs--has-background vce-col--xs-100p vce-col--xs-visible vce-col--xs-last vce-col--xs-first vce-col--sm-100p vce-col--sm-visible vce-col--sm-last vce-col--sm-first vce-col--md-50p vce-col--md-visible vce-col--md-last vce-col--lg-25p vce-col--lg-visible vce-col--xl-auto vce-col--xl-visible box-sombra\" id=\"el-5f411957\"><div class=\"vce-col-inner\" data-vce-do-apply=\"border margin background  el-5f411957\"><div class=\"vce-content-background-container\"><\/div><div class=\"vce-col-content\" data-vce-element-content=\"true\" data-vce-do-apply=\"padding el-5f411957\"><div class=\"vce-text-block\"><div class=\"vce-text-block-wrapper vce\" id=\"el-c334460c\" data-vce-do-apply=\"all el-c334460c\"><h2 class=\"marron\" style=\"text-align: center;\"><span style=\"font-size: 16pt;\">S\u00e1bado<\/span><\/h2>\n<p class=\"marron\" style=\"text-align: center;\"><span style=\"font-weight: bold; font-style: normal;\">9:00 - 14:00<\/span><\/p><\/div><\/div><\/div><\/div><\/div><div class=\"vce-col vce-element--xl--has-background vce-element--lg--has-background vce-element--md--has-background vce-element--sm--has-background vce-element--xs--has-background vce-col--xs-100p vce-col--xs-visible vce-col--xs-last vce-col--xs-first vce-col--sm-100p vce-col--sm-visible vce-col--sm-last vce-col--sm-first vce-col--md-50p vce-col--md-visible vce-col--md-last vce-col--md-first vce-col--lg-25p vce-col--lg-visible vce-col--lg-last vce-col--xl-auto vce-col--xl-visible vce-col--xl-last box-sombra\" id=\"el-f718caa4\"><div class=\"vce-col-inner\" data-vce-do-apply=\"border margin background  el-f718caa4\"><div class=\"vce-content-background-container\"><\/div><div class=\"vce-col-content\" data-vce-element-content=\"true\" data-vce-do-apply=\"padding el-f718caa4\"><div class=\"vce-text-block\"><div class=\"vce-text-block-wrapper vce\" id=\"el-9fa56c6d\" data-vce-do-apply=\"all el-9fa56c6d\"><h2 class=\"marron\" style=\"text-align: center;\"><span style=\"font-size: 16pt;\">Domingo<\/span><\/h2>\n<p class=\"marron\" style=\"text-align: center;\"><span style=\"font-weight: bold; font-style: normal;\">CERRADO<\/span><\/p><\/div><\/div><\/div><\/div><\/div><\/div><\/div><\/div><div class=\"vce-row-container\" data-vce-boxed-width=\"true\"><div class=\"vce-row vce-row--col-gap-30 vce-row-equal-height vce-row-content--top\" id=\"el-b6229064\" data-vce-do-apply=\"all el-b6229064\"><div class=\"vce-content-background-container\"><\/div><div class=\"vce-row-content\" data-vce-element-content=\"true\"><div class=\"vce-col vce-col--md-auto vce-col--xs-1 vce-col--xs-last vce-col--xs-first vce-col--sm-last vce-col--sm-first vce-col--md-last vce-col--lg-last vce-col--xl-last vce-col--md-first vce-col--lg-first vce-col--xl-first\" id=\"el-1b835740\"><div class=\"vce-col-inner\" data-vce-do-apply=\"border margin background  el-1b835740\"><div class=\"vce-col-content\" data-vce-element-content=\"true\" data-vce-do-apply=\"padding el-1b835740\"><div class=\"vce-text-block\"><div class=\"vce-text-block-wrapper vce\" id=\"el-a2e71cae\" data-vce-do-apply=\"all el-a2e71cae\"><h1 style=\"text-align: center;\"><span style=\"font-size: 3rem;\">\u00bfTienes alguna duda? Contacta con nosotros y te ayudamos.<\/span><\/h1><\/div><\/div><\/div><\/div><\/div><\/div><\/div><\/div><div class=\"vce-row-container\" data-vce-boxed-width=\"true\"><div class=\"vce-row vce-row--xl--has-col-background vce-row--lg--has-col-background vce-row--md--has-col-background vce-row--sm--has-col-background vce-row--xs--has-col-background vce-element--has-background vce-row--col-gap-30 vce-row-equal-height vce-row-content--top\" id=\"el-b552eda4\" data-vce-do-apply=\"all el-b552eda4\"><div class=\"vce-content-background-container\"><div class=\"vce-asset-background-simple-container vce-visible-all-only vce-asset-background-simple--style-cover vce-asset-background-simple--position-center-center\"><div class=\"vce-asset-background-simple\">\n              <div class=\"vce-asset-background-simple-item vcv-lozad\" data-background-image=\"https:\/\/noustemps.com\/wp-content\/uploads\/2022\/08\/22-scaled.jpg\"><\/div>\n              <noscript>\n                <div class=\"vce-asset-background-simple-item\" style=\"background-image: url(https:\/\/noustemps.com\/wp-content\/uploads\/2022\/08\/22-scaled.jpg)\"><\/div>\n              <\/noscript>\n            <\/div><\/div><\/div><div class=\"vce-row-content\" data-vce-element-content=\"true\"><div class=\"vce-col vce-element--xl--has-background vce-element--lg--has-background vce-element--md--has-background vce-element--sm--has-background vce-element--xs--has-background vce-col--md-auto vce-col--xs-1 vce-col--xs-last vce-col--xs-first vce-col--sm-last vce-col--sm-first vce-col--md-last vce-col--lg-last vce-col--xl-last vce-col--md-first vce-col--lg-first vce-col--xl-first\" id=\"el-9b2bb580\"><div class=\"vce-col-inner\" data-vce-do-apply=\"border margin background  el-9b2bb580\"><div class=\"vce-content-background-container\"><\/div><div class=\"vce-col-content\" data-vce-element-content=\"true\" data-vce-do-apply=\"padding el-9b2bb580\"><div class=\"vce-raw-html\"><div class=\"vce-raw-html-wrapper\" id=\"el-28b248f9\" data-vce-do-apply=\"all el-28b248f9\"><h2 class=\"textovideo2\">Videoconferencia<\/h2>\n<div class=\"textovideo\">Reserva una cita con nosotras para un diagn\u00f3stico Capilar, Facial o Corporal totalmente gratuito a traves de WhatsApp.<\/div><\/div><\/div><div class=\"vce-raw-html\"><div class=\"vce-raw-html-wrapper\" id=\"el-0b29d7b1\" data-vce-do-apply=\"all el-0b29d7b1\"><center><a href=\"https:\/\/wa.me\/34681392556\" title=\"Cita WhatsApp\" class=\"lightbox-toggle\">WhatsApp<\/a>\n\n\t<div class=\"backdrop\"><\/div><\/center>\n<\/div><\/div><\/div><\/div><\/div><\/div><\/div><\/div><div class=\"vce-row-container\" data-vce-boxed-width=\"true\"><div class=\"vce-row vce-row--col-gap-30 vce-row-equal-height vce-row-content--top\" id=\"el-fc4fe077\" data-vce-do-apply=\"all el-fc4fe077\"><div class=\"vce-content-background-container\"><\/div><div class=\"vce-row-content\" data-vce-element-content=\"true\"><div class=\"vce-col vce-col--md-auto vce-col--xs-1 vce-col--xs-last vce-col--xs-first vce-col--sm-last vce-col--sm-first vce-col--md-last vce-col--lg-last vce-col--xl-last vce-col--md-first vce-col--lg-first vce-col--xl-first\" id=\"el-b593d0b3\"><div class=\"vce-col-inner\" data-vce-do-apply=\"border margin background  el-b593d0b3\"><div class=\"vce-col-content\" data-vce-element-content=\"true\" data-vce-do-apply=\"padding el-b593d0b3\"><div class=\"vce-shortcode\"><div class=\"vce-shortcode-wrapper vce\" id=\"el-17404d30\" data-vce-do-apply=\"all el-17404d30\"> <\/div><\/div><div class=\"vce-raw-html\"><div class=\"vce-raw-html-wrapper\" id=\"el-b09328ec\" data-vce-do-apply=\"all el-b09328ec\"><a href=\"https:\/\/g.page\/r\/CS3z5DqqgXnyEAI\/review\" target=\"blank\" title=\"Val\u00f3ranos en Google\" rel=\"noopener\"><div class=\"llamanos\">Val\u00f3ranos en Google<\/div><\/a><\/div><\/div><\/div><\/div><\/div><\/div><\/div><\/div><div class=\"vce-row-container\" data-vce-boxed-width=\"true\"><div class=\"vce-row vce-row--col-gap-30 vce-row-equal-height vce-row-content--top\" id=\"el-905a8146\" data-vce-do-apply=\"all el-905a8146\"><div class=\"vce-content-background-container\"><\/div><div class=\"vce-row-content\" data-vce-element-content=\"true\"><div class=\"vce-col vce-col--md-auto vce-col--xs-1 vce-col--xs-last vce-col--xs-first vce-col--sm-last vce-col--sm-first vce-col--md-last vce-col--lg-last vce-col--xl-last vce-col--md-first vce-col--lg-first vce-col--xl-first\" id=\"el-36701853\"><div class=\"vce-col-inner\" data-vce-do-apply=\"border margin background  el-36701853\"><div class=\"vce-col-content\" data-vce-element-content=\"true\" data-vce-do-apply=\"padding el-36701853\"><div class=\"vce-raw-html\"><div class=\"vce-raw-html-wrapper\" id=\"el-00141e28\" data-vce-do-apply=\"all el-00141e28\"><iframe src=\"https:\/\/www.google.com\/maps\/embed?pb=!1m14!1m8!1m3!1d2983.125799506741!2d0.6316198330574034!3d41.60979127821492!3m2!1i1024!2i768!4f13.1!3m3!1m2!1s0x0%3A0xf27981aa3ae4f32d!2z8J2QjfCdkKjwnZCu8J2QrCDwnZCT8J2QnvCdkKbwnZCp8J2QrCDhtIdz4bSY4bSAyaogypnJquG0jw!5e0!3m2!1ses!2ses!4v1660303618306!5m2!1ses!2ses\" width=\"100%\" height=\"470\" style=\"border:solid 7px #432918; border-radius:0px\" allowfullscreen=\"\" loading=\"lazy\"><\/iframe><\/div><\/div><div class=\"vce-row-container\" data-vce-boxed-width=\"true\"><div class=\"vce-row vce-row--col-gap-30 vce-row-equal-height vce-row-content--top\" id=\"el-6d1b3847\" data-vce-do-apply=\"all el-6d1b3847\"><div class=\"vce-row-content\" data-vce-element-content=\"true\"><div class=\"vce-col vce-col--md-auto vce-col--xs-1 vce-col--xs-last vce-col--xs-first vce-col--sm-last vce-col--sm-first vce-col--md-first vce-col--lg-first vce-col--xl-first\" id=\"el-e7d22382\"><div class=\"vce-col-inner\" data-vce-do-apply=\"border margin background  el-e7d22382\"><div class=\"vce-col-content\" data-vce-element-content=\"true\" data-vce-do-apply=\"padding el-e7d22382\"><div class=\"vce-raw-html\"><div class=\"vce-raw-html-wrapper\" id=\"el-f4cefc61\" data-vce-do-apply=\"all el-f4cefc61\"><a href=\"tel:+34681392556\" title=\"Ll\u00e1manos\"><div class=\"llamanos\">Ll\u00e1manos<\/div><\/a><\/div><\/div><\/div><\/div><\/div><div class=\"vce-col vce-col--md-auto vce-col--xs-1 vce-col--xs-last vce-col--xs-first vce-col--sm-last vce-col--sm-first vce-col--md-last vce-col--lg-last vce-col--xl-last\" id=\"el-dea2a45f\"><div class=\"vce-col-inner\" data-vce-do-apply=\"border margin background  el-dea2a45f\"><div class=\"vce-content-background-container\"><\/div><div class=\"vce-col-content\" data-vce-element-content=\"true\" data-vce-do-apply=\"padding el-dea2a45f\"><div class=\"vce-raw-html\"><div class=\"vce-raw-html-wrapper\" id=\"el-cd49c90e\" data-vce-do-apply=\"all el-cd49c90e\"><a href=\"https:\/\/www.google.com\/maps\/dir\/\/%F0%9D%90%8D%F0%9D%90%A8%F0%9D%90%AE%F0%9D%90%AC+%F0%9D%90%93%F0%9D%90%9E%F0%9D%90%A6%F0%9D%90%A9%F0%9D%90%AC+%E1%B4%87s%E1%B4%98%E1%B4%80%C9%AA+%CA%99%C9%AA%E1%B4%8F+C.+d'Agust%C3%AD+Duran+i+Santpere,+5+25001+Lleida\/@41.6097993,0.6325747,16z\/data=!4m5!4m4!1m0!1m2!1m1!1s0x12a6e06ffa09a891:0xf27981aa3ae4f32d\" target=\"blank\" title=\"C\u00f3mo llegar\" rel=\"noopener\"><div class=\"llamanos\">C\u00f3mo llegar<\/div><\/a><\/div><\/div><\/div><\/div><\/div><\/div><\/div><\/div><\/div><\/div><\/div><\/div><\/div><\/div>","protected":false},"excerpt":{"rendered":"<p>Lunes 9:30 &#8211; 16:00Martes 9:30 &#8211; 16:00Mi\u00e9rcoles 9:30 &#8211; 16:00Jueves 9:30 &#8211; 19:00Viernes 9:30 &#8211; 19:00S\u00e1bado 9:00 &#8211; 14:00Domingo CERRADO\u00bfTienes alguna duda? Contacta con nosotros y te ayudamos. Videoconferencia Reserva una cita con nosotras para un diagn\u00f3stico Capilar, Facial o Corporal totalmente gratuito a traves de WhatsApp.WhatsApp Val\u00f3ranos en GoogleLl\u00e1manosC\u00f3mo llegar<\/p>\n","protected":false},"author":1,"featured_media":0,"parent":0,"menu_order":0,"comment_status":"closed","ping_status":"closed","template":"","meta":{"_joinchat":[],"footnotes":""},"class_list":["post-6814","page","type-page","status-publish","hentry"],"yoast_head":"<!-- This site is optimized with the Yoast SEO plugin v27.4 - https:\/\/yoast.com\/product\/yoast-seo-wordpress\/ -->\n<title>Contacto - Noustemps<\/title>\n<meta name=\"description\" content=\"Contacta con nosotras, rellena el formulario de contacto y en menos de 24 horas te contestamos. Vis\u00edtanos Nous Temps\" \/>\n<meta name=\"robots\" content=\"index, follow, max-snippet:-1, max-image-preview:large, max-video-preview:-1\" \/>\n<link rel=\"canonical\" href=\"https:\/\/noustemps.com\/es\/contacto\/\" \/>\n<meta property=\"og:locale\" content=\"es_ES\" \/>\n<meta property=\"og:type\" content=\"article\" \/>\n<meta property=\"og:title\" content=\"Contacto - Noustemps\" \/>\n<meta property=\"og:description\" content=\"Contacta con nosotras, rellena el formulario de contacto y en menos de 24 horas te contestamos. Vis\u00edtanos Nous Temps\" \/>\n<meta property=\"og:url\" content=\"https:\/\/noustemps.com\/es\/contacto\/\" \/>\n<meta property=\"og:site_name\" content=\"Noustemps\" \/>\n<meta property=\"article:publisher\" content=\"https:\/\/www.facebook.com\/soniaramosestilista\/\" \/>\n<meta property=\"article:modified_time\" content=\"2024-01-23T08:02:11+00:00\" \/>\n<meta name=\"twitter:card\" content=\"summary_large_image\" \/>\n<script type=\"application\/ld+json\" class=\"yoast-schema-graph\">{\"@context\":\"https:\\\/\\\/schema.org\",\"@graph\":[{\"@type\":\"WebPage\",\"@id\":\"https:\\\/\\\/noustemps.com\\\/es\\\/contacto\\\/\",\"url\":\"https:\\\/\\\/noustemps.com\\\/es\\\/contacto\\\/\",\"name\":\"Contacto - Noustemps\",\"isPartOf\":{\"@id\":\"https:\\\/\\\/noustemps.com\\\/#website\"},\"datePublished\":\"2021-08-30T09:27:48+00:00\",\"dateModified\":\"2024-01-23T08:02:11+00:00\",\"description\":\"Contacta con nosotras, rellena el formulario de contacto y en menos de 24 horas te contestamos. Vis\u00edtanos Nous Temps\",\"breadcrumb\":{\"@id\":\"https:\\\/\\\/noustemps.com\\\/es\\\/contacto\\\/#breadcrumb\"},\"inLanguage\":\"es\",\"potentialAction\":[{\"@type\":\"ReadAction\",\"target\":[\"https:\\\/\\\/noustemps.com\\\/es\\\/contacto\\\/\"]}]},{\"@type\":\"BreadcrumbList\",\"@id\":\"https:\\\/\\\/noustemps.com\\\/es\\\/contacto\\\/#breadcrumb\",\"itemListElement\":[{\"@type\":\"ListItem\",\"position\":1,\"name\":\"Portada\",\"item\":\"https:\\\/\\\/noustemps.com\\\/es\\\/\"},{\"@type\":\"ListItem\",\"position\":2,\"name\":\"Contacto\"}]},{\"@type\":\"WebSite\",\"@id\":\"https:\\\/\\\/noustemps.com\\\/#website\",\"url\":\"https:\\\/\\\/noustemps.com\\\/\",\"name\":\"Noustemps\",\"description\":\"Peluquer\u00eda de Belleza Saludable\",\"publisher\":{\"@id\":\"https:\\\/\\\/noustemps.com\\\/#organization\"},\"potentialAction\":[{\"@type\":\"SearchAction\",\"target\":{\"@type\":\"EntryPoint\",\"urlTemplate\":\"https:\\\/\\\/noustemps.com\\\/?s={search_term_string}\"},\"query-input\":{\"@type\":\"PropertyValueSpecification\",\"valueRequired\":true,\"valueName\":\"search_term_string\"}}],\"inLanguage\":\"es\"},{\"@type\":\"Organization\",\"@id\":\"https:\\\/\\\/noustemps.com\\\/#organization\",\"name\":\"Nous temps\",\"url\":\"https:\\\/\\\/noustemps.com\\\/\",\"logo\":{\"@type\":\"ImageObject\",\"inLanguage\":\"es\",\"@id\":\"https:\\\/\\\/noustemps.com\\\/#\\\/schema\\\/logo\\\/image\\\/\",\"url\":\"https:\\\/\\\/noustemps.com\\\/wp-content\\\/uploads\\\/2022\\\/07\\\/cropped-logo-fav.png\",\"contentUrl\":\"https:\\\/\\\/noustemps.com\\\/wp-content\\\/uploads\\\/2022\\\/07\\\/cropped-logo-fav.png\",\"width\":512,\"height\":512,\"caption\":\"Nous temps\"},\"image\":{\"@id\":\"https:\\\/\\\/noustemps.com\\\/#\\\/schema\\\/logo\\\/image\\\/\"},\"sameAs\":[\"https:\\\/\\\/www.facebook.com\\\/soniaramosestilista\\\/\",\"https:\\\/\\\/www.instagram.com\\\/estilistasonia_ramos\\\/\"]}]}<\/script>\n<!-- \/ Yoast SEO plugin. -->","yoast_head_json":{"title":"Contacto - Noustemps","description":"Contacta con nosotras, rellena el formulario de contacto y en menos de 24 horas te contestamos. Vis\u00edtanos Nous Temps","robots":{"index":"index","follow":"follow","max-snippet":"max-snippet:-1","max-image-preview":"max-image-preview:large","max-video-preview":"max-video-preview:-1"},"canonical":"https:\/\/noustemps.com\/es\/contacto\/","og_locale":"es_ES","og_type":"article","og_title":"Contacto - Noustemps","og_description":"Contacta con nosotras, rellena el formulario de contacto y en menos de 24 horas te contestamos. Vis\u00edtanos Nous Temps","og_url":"https:\/\/noustemps.com\/es\/contacto\/","og_site_name":"Noustemps","article_publisher":"https:\/\/www.facebook.com\/soniaramosestilista\/","article_modified_time":"2024-01-23T08:02:11+00:00","twitter_card":"summary_large_image","schema":{"@context":"https:\/\/schema.org","@graph":[{"@type":"WebPage","@id":"https:\/\/noustemps.com\/es\/contacto\/","url":"https:\/\/noustemps.com\/es\/contacto\/","name":"Contacto - Noustemps","isPartOf":{"@id":"https:\/\/noustemps.com\/#website"},"datePublished":"2021-08-30T09:27:48+00:00","dateModified":"2024-01-23T08:02:11+00:00","description":"Contacta con nosotras, rellena el formulario de contacto y en menos de 24 horas te contestamos. Vis\u00edtanos Nous Temps","breadcrumb":{"@id":"https:\/\/noustemps.com\/es\/contacto\/#breadcrumb"},"inLanguage":"es","potentialAction":[{"@type":"ReadAction","target":["https:\/\/noustemps.com\/es\/contacto\/"]}]},{"@type":"BreadcrumbList","@id":"https:\/\/noustemps.com\/es\/contacto\/#breadcrumb","itemListElement":[{"@type":"ListItem","position":1,"name":"Portada","item":"https:\/\/noustemps.com\/es\/"},{"@type":"ListItem","position":2,"name":"Contacto"}]},{"@type":"WebSite","@id":"https:\/\/noustemps.com\/#website","url":"https:\/\/noustemps.com\/","name":"Noustemps","description":"Peluquer\u00eda de Belleza Saludable","publisher":{"@id":"https:\/\/noustemps.com\/#organization"},"potentialAction":[{"@type":"SearchAction","target":{"@type":"EntryPoint","urlTemplate":"https:\/\/noustemps.com\/?s={search_term_string}"},"query-input":{"@type":"PropertyValueSpecification","valueRequired":true,"valueName":"search_term_string"}}],"inLanguage":"es"},{"@type":"Organization","@id":"https:\/\/noustemps.com\/#organization","name":"Nous temps","url":"https:\/\/noustemps.com\/","logo":{"@type":"ImageObject","inLanguage":"es","@id":"https:\/\/noustemps.com\/#\/schema\/logo\/image\/","url":"https:\/\/noustemps.com\/wp-content\/uploads\/2022\/07\/cropped-logo-fav.png","contentUrl":"https:\/\/noustemps.com\/wp-content\/uploads\/2022\/07\/cropped-logo-fav.png","width":512,"height":512,"caption":"Nous temps"},"image":{"@id":"https:\/\/noustemps.com\/#\/schema\/logo\/image\/"},"sameAs":["https:\/\/www.facebook.com\/soniaramosestilista\/","https:\/\/www.instagram.com\/estilistasonia_ramos\/"]}]}},"_links":{"self":[{"href":"https:\/\/noustemps.com\/es\/wp-json\/wp\/v2\/pages\/6814","targetHints":{"allow":["GET"]}}],"collection":[{"href":"https:\/\/noustemps.com\/es\/wp-json\/wp\/v2\/pages"}],"about":[{"href":"https:\/\/noustemps.com\/es\/wp-json\/wp\/v2\/types\/page"}],"author":[{"embeddable":true,"href":"https:\/\/noustemps.com\/es\/wp-json\/wp\/v2\/users\/1"}],"replies":[{"embeddable":true,"href":"https:\/\/noustemps.com\/es\/wp-json\/wp\/v2\/comments?post=6814"}],"version-history":[{"count":28,"href":"https:\/\/noustemps.com\/es\/wp-json\/wp\/v2\/pages\/6814\/revisions"}],"predecessor-version":[{"id":7252,"href":"https:\/\/noustemps.com\/es\/wp-json\/wp\/v2\/pages\/6814\/revisions\/7252"}],"wp:attachment":[{"href":"https:\/\/noustemps.com\/es\/wp-json\/wp\/v2\/media?parent=6814"}],"curies":[{"name":"wp","href":"https:\/\/api.w.org\/{rel}","templated":true}]}}